{"id":13,"date":"2024-08-29T08:10:38","date_gmt":"2024-08-29T08:10:38","guid":{"rendered":"https:\/\/www.takimalogistik.de\/?page_id=13"},"modified":"2024-09-24T11:13:44","modified_gmt":"2024-09-24T10:13:44","slug":"impressum-datenschutz","status":"publish","type":"page","link":"https:\/\/www.takimalogistik.de\/?page_id=13","title":{"rendered":"Impressum &amp; Datenschutz"},"content":{"rendered":"\t\t<div data-elementor-type=\"wp-page\" data-elementor-id=\"13\" class=\"elementor elementor-13\">\n\t\t\t\t<div class=\"elementor-element elementor-element-6743f961 e-con-full e-flex e-con e-parent\" data-id=\"6743f961\" data-element_type=\"container\" data-e-type=\"container\">\n\t\t\t\t<div class=\"elementor-element elementor-element-385c415a elementor-widget__width-initial elementor-invisible elementor-widget elementor-widget-text-editor\" data-id=\"385c415a\" data-element_type=\"widget\" data-e-type=\"widget\" data-settings=\"{&quot;_animation&quot;:&quot;zoomIn&quot;}\" data-widget_type=\"text-editor.default\">\n\t\t\t\t<div class=\"elementor-widget-container\">\n\t\t\t\t\t\t\t\t\t<h3><\/h3>\n<h1><span style=\"color: #ffffff;\">Impressum &amp; Datenschutz<\/span><\/h1>\n<h3><span style=\"color: #ffffff;\"><\/span><\/h3>\n<h3><span style=\"color: #ffffff;\">Angaben gem\u00e4\u00df \u00a7 5 TMG<\/span><br \/><br \/><span style=\"color: #ffffff;\">TAKiMa Logistik<\/span><br \/><span style=\"color: #ffffff;\">&#8211; Alexandra Holdschick &#8211;<\/span><br \/><span style=\"color: #ffffff;\">Wacholderweg 2<\/span><br \/><span style=\"color: #ffffff;\">64653 Lorsch<\/span><\/h3>\n<h3><span style=\"color: #ffffff;\"><\/span><\/h3>\n<h2><span style=\"color: #ffffff;\">Kontakt<\/span><\/h2>\n<h3><span style=\"color: #ffffff;\">Telefon: +49 (0) 173 836 77 45<\/span><br \/><span style=\"color: #ffffff;\">E-Mail: kontakt@takimalogistik.de<\/span><\/h3>\n<h3><span style=\"color: #ffffff;\"><\/span><\/h3>\n<h2><span style=\"color: #ffffff;\">Umsatzsteuer-ID<\/span><\/h2>\n<h3><span style=\"color: #ffffff;\">Umsatzsteuer-Identifikationsnummer gem\u00e4\u00df \u00a7 27 a Umsatzsteuergesetz:<\/span><br \/><span style=\"color: #ffffff;\">DE 36 91 28 23 0<\/span><br \/><span style=\"color: #ffffff;\">Berufsbezeichnung: Fahrdienstleistungen<\/span><\/h3>\n<h3><span style=\"color: #ffffff;\"><\/span><\/h3>\n<h3><span style=\"color: #ffffff;\"><\/span><\/h3>\n<h3><span style=\"color: #ffffff;\">Haftung f\u00fcr Inhalte<\/span><br \/><span style=\"color: #ffffff;\">Als Diensteanbieter sind wir gem\u00e4\u00df \u00a7 7 Abs.1 TMG f\u00fcr eigene Inhalte auf diesen Seiten nach den<\/span><br \/><span style=\"color: #ffffff;\">allgemeinen Gesetzen verantwortlich. Nach \u00a7\u00a7 8 bis 10 TMG sind wir als Diensteanbieter jedoch nicht verpflichtet, \u00fcbermittelte oder gespeicherte fremde Informationen zu \u00fcberwachen oder nach Umst\u00e4nden zu forschen, die auf eine rechtswidrige T\u00e4tigkeit hinweisen.<\/span><br \/><span style=\"color: #ffffff;\">Verpflichtungen zur Entfernung oder Sperrung der Nutzung von Informationen nach den allgemeinen Gesetzen bleiben hiervon unber\u00fchrt. Eine diesbez\u00fcgliche Haftung ist jedoch erst ab dem Zeitpunkt der Kenntnis einer konkreten Rechtsverletzung m\u00f6glich. Bei Bekanntwerden von entsprechenden Rechtsverletzungen werden wir diese Inhalte umgehend entfernen.<\/span><\/h3>\n<h3><span style=\"color: #ffffff;\"><\/span><\/h3>\n<h2><span style=\"color: #ffffff;\">Haftung f\u00fcr Links<\/span><\/h2>\n<h3><br \/><span style=\"color: #ffffff;\">Unser Angebot enth\u00e4lt m\u00f6glicherweise Links zu externen Websites Dritter, auf deren Inhalte wir keinen Einfluss haben.<\/span><br \/><span style=\"color: #ffffff;\">Deshalb k\u00f6nnen wir f\u00fcr diese fremden Inhalte auch keine Gew\u00e4hr \u00fcbernehmen. F\u00fcr die Inhalte der verlinkten Seiten ist stets der jeweilige Anbieter oder Betreiber der Seiten verantwortlich. Die verlinkten Seiten wurden zum Zeitpunkt der Verlinkung auf m\u00f6gliche Rechtsverst\u00f6\u00dfe \u00fcberpr\u00fcft.<\/span><\/h3>\n<h3><span style=\"color: #ffffff;\"><\/span><\/h3>\n<h3><span style=\"color: #ffffff;\">Rechtswidrige Inhalte<\/span><br \/><span style=\"color: #ffffff;\">waren zum Zeitpunkt der Verlinkung nicht erkennbar.<\/span><br \/><span style=\"color: #ffffff;\">Eine permanente inhaltliche Kontrolle der verlinkten Seiten ist jedoch ohne konkrete Anhaltspunkte einer Rechtsverletzung nicht zumutbar. Bei Bekanntwerden von Rechtsverletzungen werden wir derartige Links<\/span><br \/><span style=\"color: #ffffff;\">umgehend entfernen.<\/span><\/h3>\n<h3><span style=\"color: #ffffff;\"><\/span><\/h3>\n<h2><span style=\"color: #ffffff;\">Verbraucherstreitbeilegung<\/span><\/h2>\n<h3><br \/><span style=\"color: #ffffff;\">Wir sind nicht bereit oder verpflichtet, an Streitbeilegungsverfahren vor einer<\/span><br \/><span style=\"color: #ffffff;\">Verbraucherschlichtungsstelle teilzunehmen.<\/span><\/h3>\n<h3><span style=\"color: #ffffff;\"><\/span><\/h3>\n<h2><span style=\"color: #ffffff;\">Urheberrecht<\/span><\/h2>\n<h3><br \/><span style=\"color: #ffffff;\">Die durch die Seitenbetreiber erstellten Inhalte und Werke auf diesen Seiten unterliegen dem deutschen Urheberrecht. Die Vervielf\u00e4ltigung, Bearbeitung, Verbreitung und jede Art der Verwertung au\u00dferhalb der Grenzen des Urheberrechtes bed\u00fcrfen der schriftlichen Zustimmung des jeweiligen Autors bzw. Erstellers. Downloads und Kopien dieser Seite sind nur f\u00fcr den privaten, nicht kommerziellen Gebrauch gestattet.<\/span><br \/><span style=\"color: #ffffff;\">Soweit die Inhalte auf dieser Seite nicht vom Betreiber erstellt wurden, werden die Urheberrechte Dritter beachtet. Insbesondere werden Inhalte Dritter als solche gekennzeichnet. Sollten Sie trotzdem auf eine Urheberrechtsverletzung aufmerksam werden, bitten wir um einen entsprechenden Hinweis. Bei Bekanntwerden von Rechtsverletzungen werden wir derartige Inhalte umgehend entfernen.<\/span><br \/><span style=\"color: #ffffff;\">Quelle:<\/span><br \/><span style=\"color: #ffffff;\">https:\/\/www.e-recht24.de<\/span><\/h3>\n<h3><span style=\"color: #ffffff;\"><\/span><\/h3>\n<h3><span style=\"color: #ffffff;\"><\/span><\/h3>\n<h2><span style=\"color: #ffffff;\">Grundlegendes<\/span><\/h2>\n<h3><span style=\"color: #ffffff;\"><\/span><\/h3>\n<h3><span style=\"color: #ffffff;\">Diese Datenschutzerkl\u00e4rung soll die Nutzer dieser Website \u00fcber die Art, den Umfang und den Zweck der Erhebung und Verwendung personenbezogener Daten durch den Websitebetreiber informieren.<\/span><\/h3>\n<h3><span style=\"color: #ffffff;\"><\/span><\/h3>\n<h3><span style=\"color: #ffffff;\">Der Websitebetreiber nimmt Ihren Datenschutz sehr ernst und behandelt Ihre personenbezogenen Daten vertraulich und entsprechend der gesetzlichen Vorschriften. Da durch neue Technologien und die st\u00e4ndige Weiterentwicklung dieser Webseite \u00c4nderungen an dieser Datenschutzerkl\u00e4rung vorgenommen werden k\u00f6nnen, empfehlen wir Ihnen sich die Datenschutzerkl\u00e4rung in regelm\u00e4\u00dfigen Abst\u00e4nden wieder durchzulesen.<\/span><\/h3>\n<h3><span style=\"color: #ffffff;\"><\/span><\/h3>\n<h3><span style=\"color: #ffffff;\">Definitionen der verwendeten Begriffe (z.B. \u201cpersonenbezogene Daten\u201d oder \u201cVerarbeitung\u201d) finden Sie in Art. 4 DSGVO.<\/span><\/h3>\n<h3><span style=\"color: #ffffff;\"><\/span><\/h3>\n<h2><span style=\"color: #ffffff;\">Zugriffsdaten<\/span><\/h2>\n<h3><span style=\"color: #ffffff;\"><\/span><\/h3>\n<h3><span style=\"color: #ffffff;\">Wir, der Websitebetreiber bzw. Seitenprovider, erheben aufgrund unseres berechtigten Interesses (s. Art. 6 Abs. 1 lit. f. DSGVO) Daten \u00fcber Zugriffe auf die Website und speichern diese als \u201eServer-Logfiles\u201c auf dem Server der Website ab. Folgende Daten werden so protokolliert:<\/span><\/h3>\n<h3><span style=\"color: #ffffff;\"><\/span><\/h3>\n<ul class=\"wp-block-list\">\n<li>\n<h3><span style=\"color: #ffffff;\">Besuchte Website<\/span><\/h3>\n<\/li>\n\n<li>\n<h3><span style=\"color: #ffffff;\">Uhrzeit zum Zeitpunkt des Zugriffes<\/span><\/h3>\n<\/li>\n\n<li>\n<h3><span style=\"color: #ffffff;\">Menge der gesendeten Daten in Byte<\/span><\/h3>\n<\/li>\n\n<li>\n<h3><span style=\"color: #ffffff;\">Quelle\/Verweis, von welchem Sie auf die Seite gelangten<\/span><\/h3>\n<\/li>\n\n<li>\n<h3><span style=\"color: #ffffff;\">Verwendeter Browser<\/span><\/h3>\n<\/li>\n\n<li>\n<h3><span style=\"color: #ffffff;\">Verwendetes Betriebssystem<\/span><\/h3>\n<\/li>\n\n<li>\n<h3><span style=\"color: #ffffff;\">Verwendete IP-Adresse<\/span><\/h3>\n<\/li>\n<\/ul>\n<h3><span style=\"color: #ffffff;\"><\/span><\/h3>\n<h3><span style=\"color: #ffffff;\">Die Server-Logfiles werden f\u00fcr maximal 7 Tage gespeichert und anschlie\u00dfend gel\u00f6scht. Die Speicherung der Daten erfolgt aus Sicherheitsgr\u00fcnden, um z. B. Missbrauchsf\u00e4lle aufkl\u00e4ren zu k\u00f6nnen. M\u00fcssen Daten aus Beweisgr\u00fcnden aufgehoben werden, sind sie solange von der L\u00f6schung ausgenommen bis der Vorfall endg\u00fcltig gekl\u00e4rt ist.<\/span><\/h3>\n<h3><span style=\"color: #ffffff;\"><\/span><\/h3>\n<h2><span style=\"color: #ffffff;\">Reichweitenmessung &amp; Cookies<\/span><\/h2>\n<h3><span style=\"color: #ffffff;\"><\/span><\/h3>\n<h3><span style=\"color: #ffffff;\">Diese Website verwendet Cookies zur pseudonymisierten Reichweitenmessung, die entweder von unserem Server oder dem Server Dritter an den Browser des Nutzers \u00fcbertragen werden. Bei Cookies handelt es sich um kleine Dateien, welche auf Ihrem Endger\u00e4t gespeichert werden. Ihr Browser greift auf diese Dateien zu. Durch den Einsatz von Cookies erh\u00f6ht sich die Benutzerfreundlichkeit und Sicherheit dieser Website.<\/span><br \/><span style=\"color: #ffffff;\">Falls Sie nicht m\u00f6chten, dass Cookies zur Reichweitenmessung auf Ihrem Endger\u00e4t gespeichert werden, k\u00f6nnen Sie dem Einsatz dieser Dateien hier widersprechen:<\/span><\/h3>\n<h3><span style=\"color: #ffffff;\"><\/span><\/h3>\n<ul class=\"wp-block-list\">\n<li>\n<h3><span style=\"color: #ffffff;\">Cookie-Deaktivierungsseite der Netzwerkwerbeinitiative:<\/span><\/h3>\n<h3><span style=\"color: #ffffff;\">http:\/\/optout.networkadvertising.org\/?c=1#!\/<\/span><\/h3>\n<\/li>\n\n<li>\n<h3><span style=\"color: #ffffff;\">Cookie-Deaktivierungsseite der US-amerikanischen Website:<\/span><\/h3>\n<h3><span style=\"color: #ffffff;\">http:\/\/optout.aboutads.info\/?c=2#!\/<\/span><\/h3>\n<\/li>\n\n<li>\n<h3><span style=\"color: #ffffff;\">Cookie-Deaktivierungsseite der europ\u00e4ischen Website:<\/span><\/h3>\n<h3><span style=\"color: #ffffff;\">http:\/\/optout.networkadvertising.org\/?c=1#!\/<\/span><\/h3>\n<\/li>\n<\/ul>\n<h3><span style=\"color: #ffffff;\"><\/span><\/h3>\n<h3><span style=\"color: #ffffff;\">G\u00e4ngige Browser bieten die Einstellungsoption, Cookies nicht zuzulassen. Hinweis: Es ist nicht gew\u00e4hrleistet, dass Sie auf alle Funktionen dieser Website ohne Einschr\u00e4nkungen zugreifen k\u00f6nnen, wenn Sie entsprechende Einstellungen vornehmen.<\/span><\/h3>\n<h3><span style=\"color: #ffffff;\"><\/span><\/h3>\n<h2><span style=\"color: #ffffff;\">Erfassung und Verarbeitung personenbezogener Daten<\/span><\/h2>\n<h3><span style=\"color: #ffffff;\"><\/span><\/h3>\n<h3><span style=\"color: #ffffff;\">Der Websitebetreiber erhebt, nutzt und gibt Ihre personenbezogenen Daten nur dann weiter, wenn dies im gesetzlichen Rahmen erlaubt ist oder Sie in die Datenerhebung einwilligen.<\/span><br \/><span style=\"color: #ffffff;\">Als personenbezogene Daten gelten s\u00e4mtliche Informationen, welche dazu dienen, Ihre Person zu bestimmen und welche zu Ihnen zur\u00fcckverfolgt werden k\u00f6nnen \u2013 also beispielsweise Ihr Name, Ihre E-Mail-Adresse und Telefonnummer.<\/span><\/h3>\n<h3><span style=\"color: #ffffff;\"><\/span><\/h3>\n<h3><span style=\"color: #ffffff;\">Diese Website k\u00f6nnen Sie auch besuchen, ohne Angaben zu Ihrer Person zu machen. Zur Verbesserung unseres Online-Angebotes speichern wir jedoch (ohne Personenbezug) Ihre Zugriffsdaten auf diese Website. Zu diesen Zugriffsdaten geh\u00f6ren z. B. die von Ihnen angeforderte Datei oder der Name Ihres Internet-Providers. Durch die Anonymisierung der Daten sind R\u00fcckschl\u00fcsse auf Ihre Person nicht m\u00f6glich.<\/span><\/h3>\n<h3><span style=\"color: #ffffff;\"><\/span><\/h3>\n<h3><span style=\"color: #ffffff;\">Die Verarbeitung der personenbezogenen Daten erfolgt aufgrund unseres berechtigten Interesses zur Erf\u00fcllung unserer vertraglich vereinbarten Leistungen und zur Optimierung unseres Online-Angebotes.<\/span><\/h3>\n<h3><span style=\"color: #ffffff;\"><\/span><\/h3>\n<h2><span style=\"color: #ffffff;\">Umgang mit Kontaktdaten<\/span><\/h2>\n<h3><span style=\"color: #ffffff;\"><\/span><\/h3>\n<h3><span style=\"color: #ffffff;\">Nehmen Sie mit uns als Websitebetreiber durch die angebotenen Kontaktm\u00f6glichkeiten Verbindung auf, werden Ihre Angaben gespeichert, damit auf diese zur Bearbeitung und Beantwortung Ihrer Anfrage zur\u00fcckgegriffen werden kann. Ohne Ihre Einwilligung werden diese Daten nicht an Dritte weitergegeben.<\/span><\/h3>\n<h3><span style=\"color: #ffffff;\"><\/span><\/h3>\n<h3><span style=\"color: #ffffff;\">Sie haben die M\u00f6glichkeit, die Speicherung der Cookies auf Ihrem Ger\u00e4t zu verhindern, indem Sie in Ihrem Browser entsprechende Einstellungen vornehmen. Es ist nicht gew\u00e4hrleistet, dass Sie auf alle Funktionen dieser Website ohne Einschr\u00e4nkungen zugreifen k\u00f6nnen, wenn Ihr Browser keine Cookies zul\u00e4sst.<\/span><\/h3>\n<h3><span style=\"color: #ffffff;\"><\/span><\/h3>\n<h3><span style=\"color: #ffffff;\">Weiterhin k\u00f6nnen Sie durch ein Browser-Plugin verhindern, dass die durch Cookies gesammelten Informationen (inklusive Ihrer IP-Adresse) an die Google Inc. gesendet und von der Google Inc. genutzt werden. Folgender Link f\u00fchrt Sie zu dem entsprechenden Plugin: https:\/\/tools.google.com\/dlpage\/gaoptout?hl=de<\/span><\/h3>\n<h3><span style=\"color: #ffffff;\"><\/span><\/h3>\n<h2><span style=\"color: #ffffff;\">Rechte des Nutzers<\/span><\/h2>\n<h3><span style=\"color: #ffffff;\"><\/span><\/h3>\n<h3><span style=\"color: #ffffff;\">Sie haben als Nutzer das Recht, auf Antrag eine kostenlose Auskunft dar\u00fcber zu erhalten, welche personenbezogenen Daten \u00fcber Sie gespeichert wurden. Sie haben au\u00dferdem das Recht auf Berichtigung falscher Daten und auf die Verarbeitungseinschr\u00e4nkung oder L\u00f6schung Ihrer personenbezogenen Daten. Falls zutreffend, k\u00f6nnen Sie auch Ihr Recht auf Datenportabilit\u00e4t geltend machen. Sollten Sie annehmen, dass Ihre Daten unrechtm\u00e4\u00dfig verarbeitet wurden, k\u00f6nnen Sie eine Beschwerde bei der zust\u00e4ndigen Aufsichtsbeh\u00f6rde einreichen.<\/span><\/h3>\n<h3><span style=\"color: #ffffff;\"><\/span><\/h3>\n<h2><span style=\"color: #ffffff;\">L\u00f6schung von Daten<\/span><\/h2>\n<h3><span style=\"color: #ffffff;\"><\/span><\/h3>\n<h3><span style=\"color: #ffffff;\">Sofern Ihr Wunsch nicht mit einer gesetzlichen Pflicht zur Aufbewahrung von Daten (z. B. Vorratsdatenspeicherung) kollidiert, haben Sie ein Anrecht auf L\u00f6schung Ihrer Daten. Von uns gespeicherte Daten werden, sollten sie f\u00fcr ihre Zweckbestimmung nicht mehr vonn\u00f6ten sein und es keine gesetzlichen Aufbewahrungsfristen geben, gel\u00f6scht. Falls eine L\u00f6schung nicht durchgef\u00fchrt werden kann, da die Daten f\u00fcr zul\u00e4ssige gesetzliche Zwecke erforderlich sind, erfolgt eine Einschr\u00e4nkung der Datenverarbeitung. In diesem Fall werden die Daten gesperrt und nicht f\u00fcr andere Zwecke verarbeitet.<\/span><\/h3>\n<h3><span style=\"color: #ffffff;\"><\/span><\/h3>\n<h2><span style=\"color: #ffffff;\">Widerspruchsrecht<\/span><\/h2>\n<h3><span style=\"color: #ffffff;\"><\/span><\/h3>\n<h3><span style=\"color: #ffffff;\">Nutzer dieser Webseite k\u00f6nnen von ihrem Widerspruchsrecht Gebrauch machen und der Verarbeitung ihrer personenbezogenen Daten zu jeder Zeit widersprechen.<\/span><\/h3>\n<h3><span style=\"color: #ffffff;\"><\/span><\/h3>\n<h3><span style=\"color: #ffffff;\">Wenn Sie eine Berichtigung, Sperrung, L\u00f6schung oder Auskunft \u00fcber die zu Ihrer Person gespeicherten personenbezogenen Daten w\u00fcnschen oder Fragen bzgl. der Erhebung, Verarbeitung oder Verwendung Ihrer personenbezogenen Daten haben oder erteilte Einwilligungen widerrufen m\u00f6chten, wenden Sie sich bitte an folgende E-Mail-Adresse:<\/span><\/h3>\n<h3><span style=\"color: #ffffff;\"><\/span><\/h3>\n<h3><span style=\"color: #ffffff;\">kontakt@takimalogistik.de<\/span><\/h3>\n<h3><span style=\"color: #ffffff;\"><\/span><\/h3>\n<h3><span style=\"color: #ffffff;\">Dazu geh\u00f6ren beispielsweise Informationen \u00fcber :<\/span><\/h3>\n<h3><span style=\"color: #ffffff;\"><\/span><\/h3>\n<ul class=\"wp-block-list\">\n<li>\n<h3><span style=\"color: #ffffff;\">Die Weitergabe von Daten an Dritte und Drittanbieter<\/span><\/h3>\n<\/li>\n\n<li>\n<h3><span style=\"color: #ffffff;\">Einbindungen von Diensten und Inhalten Dritter (z. B. Google-Fonts oder YouTube-Videos)<\/span><\/h3>\n<\/li>\n\n<li>\n<h3><span style=\"color: #ffffff;\">Erbringung vertraglicher Leistungen<\/span><\/h3>\n<\/li>\n\n<li>\n<h3><span style=\"color: #ffffff;\">Kontaktaufnahme \u00fcber das Kontaktformular<\/span><\/h3>\n<\/li>\n\n<li>\n<h3><span style=\"color: #ffffff;\">Verwendung von Session-Cookies<\/span><\/h3>\n<\/li>\n\n<li>\n<h3><span style=\"color: #ffffff;\">Einsatz von datenverarbeitenden Anti-Spam-Plugins<\/span><\/h3>\n<\/li>\n\n<li>\n<h3><span style=\"color: #ffffff;\">Nutzung des Google Remarketing-Tags<\/span><\/h3>\n<\/li>\n\n<li>\n<h3><span style=\"color: #ffffff;\">Verwendung von Google+ oder Twitter-Schaltfl\u00e4chen<\/span><\/h3>\n<\/li>\n<\/ul>\n<h3><span style=\"color: #ffffff;\"><\/span><\/h3>\n<h3>\u00a0<\/h3>\n<h3><\/h3>\t\t\t\t\t\t\t\t<\/div>\n\t\t\t\t<\/div>\n\t\t\t\t<\/div>\n\t\t\t\t<\/div>\n\t\t","protected":false},"excerpt":{"rendered":"<p>Impressum &amp; Datenschutz Angaben gem\u00e4\u00df \u00a7 5 TMG TAKiMa Logistik&#8211; Alexandra Holdschick &#8211;Wacholderweg 264653 Lorsch Kontakt Telefon: +49 (0) 173 836 77 45E-Mail: kontakt@takimalogistik.de Umsatzsteuer-ID Umsatzsteuer-Identifikationsnummer gem\u00e4\u00df \u00a7 27 a Umsatzsteuergesetz:DE 36 91 28 23 0Berufsbezeichnung: Fahrdienstleistungen Haftung f\u00fcr InhalteAls Diensteanbieter sind wir gem\u00e4\u00df \u00a7 7 Abs.1 TMG f\u00fcr eigene Inhalte auf diesen Seiten nach &hellip; <\/p>\n<p class=\"link-more\"><a href=\"https:\/\/www.takimalogistik.de\/?page_id=13\" class=\"more-link\">Mehr <span class=\"screen-reader-text\">\u00fcber &#8222;Impressum &amp; Datenschutz&#8220; <\/span>Lesen<\/a><\/p>\n","protected":false},"author":1,"featured_media":0,"parent":0,"menu_order":0,"comment_status":"closed","ping_status":"closed","template":"","meta":{"inspiro_hide_title":false,"footnotes":""},"class_list":["post-13","page","type-page","status-publish","hentry"],"_links":{"self":[{"href":"https:\/\/www.takimalogistik.de\/index.php?rest_route=\/wp\/v2\/pages\/13","targetHints":{"allow":["GET"]}}],"collection":[{"href":"https:\/\/www.takimalogistik.de\/index.php?rest_route=\/wp\/v2\/pages"}],"about":[{"href":"https:\/\/www.takimalogistik.de\/index.php?rest_route=\/wp\/v2\/types\/page"}],"author":[{"embeddable":true,"href":"https:\/\/www.takimalogistik.de\/index.php?rest_route=\/wp\/v2\/users\/1"}],"replies":[{"embeddable":true,"href":"https:\/\/www.takimalogistik.de\/index.php?rest_route=%2Fwp%2Fv2%2Fcomments&post=13"}],"version-history":[{"count":33,"href":"https:\/\/www.takimalogistik.de\/index.php?rest_route=\/wp\/v2\/pages\/13\/revisions"}],"predecessor-version":[{"id":385,"href":"https:\/\/www.takimalogistik.de\/index.php?rest_route=\/wp\/v2\/pages\/13\/revisions\/385"}],"wp:attachment":[{"href":"https:\/\/www.takimalogistik.de\/index.php?rest_route=%2Fwp%2Fv2%2Fmedia&parent=13"}],"curies":[{"name":"wp","href":"https:\/\/api.w.org\/{rel}","templated":true}]}}