{"id":21,"date":"2024-08-29T09:01:09","date_gmt":"2024-08-29T09:01:09","guid":{"rendered":"https:\/\/www.takimalogistik.de\/?page_id=21"},"modified":"2024-09-24T11:21:06","modified_gmt":"2024-09-24T10:21:06","slug":"ueber-uns","status":"publish","type":"page","link":"https:\/\/www.takimalogistik.de\/?page_id=21","title":{"rendered":"\u00dcber uns"},"content":{"rendered":"\t\t<div data-elementor-type=\"wp-page\" data-elementor-id=\"21\" class=\"elementor elementor-21\">\n\t\t\t\t<div class=\"elementor-element elementor-element-5a9ed0ca e-con-full e-flex e-con e-parent\" data-id=\"5a9ed0ca\" data-element_type=\"container\" data-e-type=\"container\">\n\t\t\t\t<div class=\"elementor-element elementor-element-67e2192f elementor-invisible elementor-widget elementor-widget-text-editor\" data-id=\"67e2192f\" data-element_type=\"widget\" data-e-type=\"widget\" data-settings=\"{&quot;_animation&quot;:&quot;zoomIn&quot;}\" data-widget_type=\"text-editor.default\">\n\t\t\t\t<div class=\"elementor-widget-container\">\n\t\t\t\t\t\t\t\t\t\n<h3>\u00a0<\/h3>\n<h3 style=\"text-align: center;\"><span style=\"color: #ffffff;\">TAKiMa Logistik ist Ihr Partner f\u00fcr umweltfreundliche Logistik mit Sitz im hessischen Lorsch. Wir bieten Ihnen schnelle, zuverl\u00e4ssige und flexible Kurier- und Transportfahrten ausschlie\u00dflich mit Elektrofahrzeugen an. Als kundenorientierter Dienstleister legen wir gro\u00dfen Wert auf individuelle L\u00f6sungen, die perfekt auf Ihre Bed\u00fcrfnisse zugeschnitten sind. Profitieren Sie von unserer N\u00e4he und unserem Engagement f\u00fcr eine nachhaltige Zukunft.<\/span><\/h3>\n<h3><span style=\"color: #ffffff;\"><\/span><span style=\"color: #ffffff;\"><\/span><span style=\"color: #ffffff;\"><\/span><\/h3>\n<h3 style=\"text-align: center;\"><span style=\"color: #ffffff;\"><strong>Zuverl\u00e4ssig:<\/strong> P\u00fcnktliche und sichere Lieferungen.<\/span><\/h3>\n<h3><span style=\"color: #ffffff;\"><\/span><\/h3>\n<h3 style=\"text-align: center;\"><span style=\"color: #ffffff;\"><strong>Regional verwurzelt:<\/strong> Mit Sitz im hessischen Lorsch sind wir immer in Ihrer N\u00e4he.<\/span><\/h3>\n<h3><span style=\"color: #ffffff;\"><\/span><\/h3>\n<h3 style=\"text-align: center;\"><span style=\"color: #ffffff;\"><strong>100% elektrisch:<\/strong> Wir setzen auf Nachhaltigkeit und reduzieren CO2-Emissionen.<\/span><\/h3>\n<h3><span style=\"color: #ffffff;\"><\/span><\/h3>\n<h3 style=\"text-align: center;\"><span style=\"color: #ffffff;\"><strong>Kundenorientiert:<\/strong> Ihre Bed\u00fcrfnisse stehen bei uns im Mittelpunkt.<\/span><\/h3>\n<h3><span style=\"color: #ffffff;\"><\/span><\/h3>\n<h3 style=\"text-align: center;\"><span style=\"color: #ffffff;\"><strong>Flexibel:<\/strong> Individuelle L\u00f6sungen f\u00fcr jeden Auftrag.<\/span><\/h3>\n\t\t\t\t\t\t\t\t<\/div>\n\t\t\t\t<\/div>\n\t\t\t\t<\/div>\n\t\t\t\t<\/div>\n\t\t","protected":false},"excerpt":{"rendered":"<p>\u00a0 TAKiMa Logistik ist Ihr Partner f\u00fcr umweltfreundliche Logistik mit Sitz im hessischen Lorsch. Wir bieten Ihnen schnelle, zuverl\u00e4ssige und flexible Kurier- und Transportfahrten ausschlie\u00dflich mit Elektrofahrzeugen an. Als kundenorientierter Dienstleister legen wir gro\u00dfen Wert auf individuelle L\u00f6sungen, die perfekt auf Ihre Bed\u00fcrfnisse zugeschnitten sind. Profitieren Sie von unserer N\u00e4he und unserem Engagement f\u00fcr eine &hellip; <\/p>\n<p class=\"link-more\"><a href=\"https:\/\/www.takimalogistik.de\/?page_id=21\" class=\"more-link\">Mehr <span class=\"screen-reader-text\">\u00fcber &#8222;\u00dcber uns&#8220; <\/span>Lesen<\/a><\/p>\n","protected":false},"author":1,"featured_media":0,"parent":0,"menu_order":0,"comment_status":"closed","ping_status":"closed","template":"","meta":{"inspiro_hide_title":false,"footnotes":""},"class_list":["post-21","page","type-page","status-publish","hentry"],"_links":{"self":[{"href":"https:\/\/www.takimalogistik.de\/index.php?rest_route=\/wp\/v2\/pages\/21","targetHints":{"allow":["GET"]}}],"collection":[{"href":"https:\/\/www.takimalogistik.de\/index.php?rest_route=\/wp\/v2\/pages"}],"about":[{"href":"https:\/\/www.takimalogistik.de\/index.php?rest_route=\/wp\/v2\/types\/page"}],"author":[{"embeddable":true,"href":"https:\/\/www.takimalogistik.de\/index.php?rest_route=\/wp\/v2\/users\/1"}],"replies":[{"embeddable":true,"href":"https:\/\/www.takimalogistik.de\/index.php?rest_route=%2Fwp%2Fv2%2Fcomments&post=21"}],"version-history":[{"count":38,"href":"https:\/\/www.takimalogistik.de\/index.php?rest_route=\/wp\/v2\/pages\/21\/revisions"}],"predecessor-version":[{"id":415,"href":"https:\/\/www.takimalogistik.de\/index.php?rest_route=\/wp\/v2\/pages\/21\/revisions\/415"}],"wp:attachment":[{"href":"https:\/\/www.takimalogistik.de\/index.php?rest_route=%2Fwp%2Fv2%2Fmedia&parent=21"}],"curies":[{"name":"wp","href":"https:\/\/api.w.org\/{rel}","templated":true}]}}